{"id":80,"date":"2022-03-15T11:40:21","date_gmt":"2022-03-15T16:40:21","guid":{"rendered":"https:\/\/chromastudio.co\/sole\/?page_id=80"},"modified":"2025-07-02T10:50:23","modified_gmt":"2025-07-02T15:50:23","slug":"plantas","status":"publish","type":"page","link":"https:\/\/chromastudio.co\/sole\/plantas\/","title":{"rendered":"Plantas"},"content":{"rendered":"\t\t<div data-elementor-type=\"wp-page\" data-elementor-id=\"80\" class=\"elementor elementor-80\">\n\t\t\t\t\t\t<section class=\"elementor-section elementor-top-section elementor-element elementor-element-a51042b elementor-section-full_width elementor-section-height-full elementor-section-items-stretch elementor-section-height-default\" data-id=\"a51042b\" data-element_type=\"section\">\n\t\t\t\t\t\t<div class=\"elementor-container elementor-column-gap-default\">\n\t\t\t\t\t<div class=\"elementor-column elementor-col-50 elementor-top-column elementor-element elementor-element-55e0212 col-1\" data-id=\"55e0212\" data-element_type=\"column\" data-settings=\"{&quot;background_background&quot;:&quot;classic&quot;}\">\n\t\t\t<div class=\"elementor-widget-wrap elementor-element-populated\">\n\t\t\t\t\t\t<div class=\"elementor-element elementor-element-72c8e7fe elementor-view-default elementor-widget elementor-widget-icon\" data-id=\"72c8e7fe\" data-element_type=\"widget\" id=\"btn-tog-info\" data-widget_type=\"icon.default\">\n\t\t\t\t<div class=\"elementor-widget-container\">\n\t\t\t\t\t\t\t<div class=\"elementor-icon-wrapper\">\n\t\t\t<a class=\"elementor-icon\" href=\"#\">\n\t\t\t<svg xmlns=\"http:\/\/www.w3.org\/2000\/svg\" viewBox=\"0 0 42 42\"><defs><style>.d{fill:none;stroke:#ebe0d0;}<\/style><\/defs><g id=\"a\"><\/g><g id=\"b\"><g id=\"c\"><g><circle class=\"d\" cx=\"21\" cy=\"21\" r=\"20.5\"><\/circle><g><line class=\"d\" x1=\"31.82\" y1=\"21\" x2=\"10.18\" y2=\"21\"><\/line><polyline class=\"d\" points=\"14.01 24.61 10.4 21 14.01 17.39\"><\/polyline><\/g><\/g><\/g><\/g><\/svg>\t\t\t<\/a>\n\t\t<\/div>\n\t\t\t\t\t\t<\/div>\n\t\t\t\t<\/div>\n\t\t\t\t<div class=\"elementor-element elementor-element-24b871a elementor-widget elementor-widget-heading\" data-id=\"24b871a\" data-element_type=\"widget\" data-widget_type=\"heading.default\">\n\t\t\t\t<div class=\"elementor-widget-container\">\n\t\t\t\t\t<h2 class=\"elementor-heading-title elementor-size-default\">Plantas<\/h2>\t\t\t\t<\/div>\n\t\t\t\t<\/div>\n\t\t\t\t<div class=\"elementor-element elementor-element-5ae6989 elementor-widget elementor-widget-text-editor\" data-id=\"5ae6989\" data-element_type=\"widget\" data-widget_type=\"text-editor.default\">\n\t\t\t\t<div class=\"elementor-widget-container\">\n\t\t\t\t\t\t\t\t\t<p><strong>\u00a1Conoce la distribuci\u00f3n y composici\u00f3n que crea calidad de vida!<\/strong><\/p><p>Aqu\u00ed encontrar\u00e1s c\u00f3mo nuestros espacios se adaptan para darle a tu familia lo mejor. Podr\u00e1s observar desde las plantas principales del proyecto, d\u00f3nde quedan ubicados nuestros parqueaderos hasta c\u00f3mo es la distribuci\u00f3n de tu apartamento<br \/>so\u00f1ado.<\/p>\t\t\t\t\t\t\t\t<\/div>\n\t\t\t\t<\/div>\n\t\t\t\t\t<\/div>\n\t\t<\/div>\n\t\t\t\t<div class=\"elementor-column elementor-col-50 elementor-top-column elementor-element elementor-element-a407339\" data-id=\"a407339\" data-element_type=\"column\">\n\t\t\t<div class=\"elementor-widget-wrap elementor-element-populated\">\n\t\t\t\t\t\t<div class=\"elementor-element elementor-element-a68867c elementor-widget elementor-widget-ekit_wb_83\" data-id=\"a68867c\" data-element_type=\"widget\" data-widget_type=\"ekit_wb_83.default\">\n\t\t\t\t<div class=\"elementor-widget-container\">\n\t\t\t\t\t<div class=\"appicua-carrusel-cont\">\r\n      <div class=\"item item1\">\r\n          <a href=\"https:\/\/chromastudio.co\/sole\/wp-content\/uploads\/2025\/07\/CPT-LNV-URB.webp\" data-lightbox=\"appi_car_cont\">\r\n           <img decoding=\"async\" src=\"https:\/\/chromastudio.co\/sole\/wp-content\/uploads\/2025\/07\/CPT-LNV-URB.webp\" alt=\"Imagen del proyecto\">\r\n           <p class=\"appi_label\">Planta urbana<\/p>\r\n          <\/a>\r\n      <\/div>\r\n      <div class=\"item item2\">\r\n          <a href=\"https:\/\/chromastudio.co\/sole\/wp-content\/uploads\/2025\/07\/CPT-SOLE-PT.webp\" data-lightbox=\"appi_car_cont\">\r\n           <img decoding=\"async\" src=\"https:\/\/chromastudio.co\/sole\/wp-content\/uploads\/2025\/07\/CPT-SOLE-PT.webp\" alt=\"Imagen del proyecto\">\r\n           <p class=\"appi_label\">Planta tipo<\/p>\r\n          <\/a>\r\n      <\/div>\r\n      <div class=\"item item3\">\r\n          <a href=\"https:\/\/chromastudio.co\/sole\/wp-content\/uploads\/2024\/06\/CPT-SOLE-SOTANO.jpg\" data-lightbox=\"appi_car_cont\">\r\n           <img decoding=\"async\" src=\"https:\/\/chromastudio.co\/sole\/wp-content\/uploads\/2024\/06\/CPT-SOLE-SOTANO.jpg\" alt=\"Imagen del proyecto\">\r\n           <p class=\"appi_label\">Planta s\u00f3tano<\/p>\r\n          <\/a>\r\n      <\/div>\r\n<\/div>\n\t\t\t\t\t\t<\/div>\n\t\t\t\t<\/div>\n\t\t\t\t<div class=\"elementor-element elementor-element-4cb2716 elementor-widget elementor-widget-html\" data-id=\"4cb2716\" data-element_type=\"widget\" data-widget_type=\"html.default\">\n\t\t\t\t<div class=\"elementor-widget-container\">\n\t\t\t\t\t<div class=\"botonera-slide\">\r\n<button id=\"retroceder\" class=\"botones\"><img decoding=\"async\" src=\"https:\/\/chromastudio.co\/sole\/wp-content\/uploads\/2022\/03\/flecha-sole-2.svg\"  ><\/button>\r\n<button id=\"avanzar\" class=\"botones\"><img decoding=\"async\" src=\"https:\/\/chromastudio.co\/sole\/wp-content\/uploads\/2022\/03\/flec-der.svg\" ><\/button>\r\n<\/div>\t\t\t\t<\/div>\n\t\t\t\t<\/div>\n\t\t\t\t\t<\/div>\n\t\t<\/div>\n\t\t\t\t\t<\/div>\n\t\t<\/section>\n\t\t\t\t<\/div>\n\t\t","protected":false},"excerpt":{"rendered":"<p>Plantas \u00a1Conoce la distribuci\u00f3n y composici\u00f3n que crea calidad de vida! Aqu\u00ed encontrar\u00e1s c\u00f3mo nuestros espacios se adaptan para darle a tu familia lo mejor. Podr\u00e1s observar desde las plantas principales del proyecto, d\u00f3nde quedan ubicados nuestros parqueaderos hasta c\u00f3mo es la distribuci\u00f3n de tu apartamentoso\u00f1ado. Planta urbana Planta tipo Planta s\u00f3tano<\/p>\n","protected":false},"author":1,"featured_media":0,"parent":0,"menu_order":0,"comment_status":"closed","ping_status":"closed","template":"","meta":{"inline_featured_image":false,"footnotes":""},"class_list":["post-80","page","type-page","status-publish","hentry"],"_links":{"self":[{"href":"https:\/\/chromastudio.co\/sole\/wp-json\/wp\/v2\/pages\/80","targetHints":{"allow":["GET"]}}],"collection":[{"href":"https:\/\/chromastudio.co\/sole\/wp-json\/wp\/v2\/pages"}],"about":[{"href":"https:\/\/chromastudio.co\/sole\/wp-json\/wp\/v2\/types\/page"}],"author":[{"embeddable":true,"href":"https:\/\/chromastudio.co\/sole\/wp-json\/wp\/v2\/users\/1"}],"replies":[{"embeddable":true,"href":"https:\/\/chromastudio.co\/sole\/wp-json\/wp\/v2\/comments?post=80"}],"version-history":[{"count":31,"href":"https:\/\/chromastudio.co\/sole\/wp-json\/wp\/v2\/pages\/80\/revisions"}],"predecessor-version":[{"id":435,"href":"https:\/\/chromastudio.co\/sole\/wp-json\/wp\/v2\/pages\/80\/revisions\/435"}],"wp:attachment":[{"href":"https:\/\/chromastudio.co\/sole\/wp-json\/wp\/v2\/media?parent=80"}],"curies":[{"name":"wp","href":"https:\/\/api.w.org\/{rel}","templated":true}]}}