{"id":7,"date":"2022-03-14T13:22:39","date_gmt":"2022-03-14T18:22:39","guid":{"rendered":"https:\/\/chromastudio.co\/sole\/?page_id=7"},"modified":"2025-07-02T10:43:13","modified_gmt":"2025-07-02T15:43:13","slug":"arquitectura","status":"publish","type":"page","link":"https:\/\/chromastudio.co\/sole\/arquitectura\/","title":{"rendered":"Arquitectura"},"content":{"rendered":"\t\t<div data-elementor-type=\"wp-page\" data-elementor-id=\"7\" class=\"elementor elementor-7\">\n\t\t\t\t\t\t<section class=\"elementor-section elementor-top-section elementor-element elementor-element-87105df elementor-section-full_width elementor-section-height-full elementor-section-items-stretch elementor-section-height-default\" data-id=\"87105df\" data-element_type=\"section\">\n\t\t\t\t\t\t<div class=\"elementor-container elementor-column-gap-default\">\n\t\t\t\t\t<div class=\"elementor-column elementor-col-50 elementor-top-column elementor-element elementor-element-8c81f0c col-1\" data-id=\"8c81f0c\" data-element_type=\"column\" data-settings=\"{&quot;background_background&quot;:&quot;classic&quot;}\">\n\t\t\t<div class=\"elementor-widget-wrap elementor-element-populated\">\n\t\t\t\t\t\t<div class=\"elementor-element elementor-element-66e3ef6 elementor-view-default elementor-widget elementor-widget-icon\" data-id=\"66e3ef6\" data-element_type=\"widget\" id=\"btn-tog-info\" data-widget_type=\"icon.default\">\n\t\t\t\t<div class=\"elementor-widget-container\">\n\t\t\t\t\t\t\t<div class=\"elementor-icon-wrapper\">\n\t\t\t<a class=\"elementor-icon\" href=\"#\">\n\t\t\t<svg xmlns=\"http:\/\/www.w3.org\/2000\/svg\" viewBox=\"0 0 42 42\"><defs><style><\/style><\/defs><g id=\"a\"><\/g><g id=\"b\"><g id=\"c\"><g><circle class=\"d\" cx=\"21\" cy=\"21\" r=\"20.5\"><\/circle><g><line class=\"d\" x1=\"31.82\" y1=\"21\" x2=\"10.18\" y2=\"21\"><\/line><polyline class=\"d\" points=\"14.01 24.61 10.4 21 14.01 17.39\"><\/polyline><\/g><\/g><\/g><\/g><\/svg>\t\t\t<\/a>\n\t\t<\/div>\n\t\t\t\t\t\t<\/div>\n\t\t\t\t<\/div>\n\t\t\t\t<div class=\"elementor-element elementor-element-e5186a0 elementor-widget elementor-widget-heading\" data-id=\"e5186a0\" data-element_type=\"widget\" data-widget_type=\"heading.default\">\n\t\t\t\t<div class=\"elementor-widget-container\">\n\t\t\t\t\t<h1 class=\"elementor-heading-title elementor-size-default\">Arquitectura<\/h1>\t\t\t\t<\/div>\n\t\t\t\t<\/div>\n\t\t\t\t<div class=\"elementor-element elementor-element-1ad78dd elementor-widget elementor-widget-text-editor\" data-id=\"1ad78dd\" data-element_type=\"widget\" data-widget_type=\"text-editor.default\">\n\t\t\t\t<div class=\"elementor-widget-container\">\n\t\t\t\t\t\t\t\t\t<p><strong>\u00a1Tu vida y tu futuro respiran el mismo aire!<\/strong><\/p><p>Desde su estructura, dise\u00f1o y est\u00e9tica Sol\u00e9 crea la conexi\u00f3n ideal entre el valor de lo natural con la vida de la ciudad. Representa un lugar d\u00f3nde el espacio de vivienda se mimetiza con el espacio p\u00fablico y con sus zonas sociales; creando una simbiosis maravillosamente \u00fanica.\u00a0<\/p>\t\t\t\t\t\t\t\t<\/div>\n\t\t\t\t<\/div>\n\t\t\t\t\t<\/div>\n\t\t<\/div>\n\t\t\t\t<div class=\"elementor-column elementor-col-50 elementor-top-column elementor-element elementor-element-d422a4b\" data-id=\"d422a4b\" data-element_type=\"column\">\n\t\t\t<div class=\"elementor-widget-wrap elementor-element-populated\">\n\t\t\t\t\t\t<div class=\"elementor-element elementor-element-f005193 elementor-widget elementor-widget-ekit_wb_40\" data-id=\"f005193\" data-element_type=\"widget\" data-widget_type=\"ekit_wb_40.default\">\n\t\t\t\t<div class=\"elementor-widget-container\">\n\t\t\t\t\t<div class=\"appicua-carrusel-cont\">\r\n      <div class=\"item item1\">\r\n          <a href=\"https:\/\/chromastudio.co\/sole\/wp-content\/uploads\/2025\/07\/CPT-LECO-NO-VIS-FACHADA-DIA.webp\" data-lightbox=\"appi_car_cont\">\r\n           <img decoding=\"async\" src=\"https:\/\/chromastudio.co\/sole\/wp-content\/uploads\/2025\/07\/CPT-LECO-NO-VIS-FACHADA-DIA.webp\" alt=\"Imagen del proyecto\">\r\n          <\/a>\r\n      <\/div>\r\n      <div class=\"item item2\">\r\n          <a href=\"https:\/\/chromastudio.co\/sole\/wp-content\/uploads\/2025\/07\/CPT-LNV-FACHADA-NOCTURNA.webp\" data-lightbox=\"appi_car_cont\">\r\n           <img decoding=\"async\" src=\"https:\/\/chromastudio.co\/sole\/wp-content\/uploads\/2025\/07\/CPT-LNV-FACHADA-NOCTURNA.webp\" alt=\"Imagen del proyecto\">\r\n          <\/a>\r\n      <\/div>\r\n      <div class=\"item item3\">\r\n          <a href=\"https:\/\/chromastudio.co\/sole\/wp-content\/uploads\/2024\/06\/CPT-LNV-PARQUE-INT-Baja.jpg\" data-lightbox=\"appi_car_cont\">\r\n           <img decoding=\"async\" src=\"https:\/\/chromastudio.co\/sole\/wp-content\/uploads\/2024\/06\/CPT-LNV-PARQUE-INT-Baja.jpg\" alt=\"Imagen del proyecto\">\r\n          <\/a>\r\n      <\/div>\r\n      <div class=\"item item4\">\r\n          <a href=\"https:\/\/chromastudio.co\/sole\/wp-content\/uploads\/2025\/07\/CPT-LECO-NO-VIS-FACHADA-PEATONAL.webp\" data-lightbox=\"appi_car_cont\">\r\n           <img decoding=\"async\" src=\"https:\/\/chromastudio.co\/sole\/wp-content\/uploads\/2025\/07\/CPT-LECO-NO-VIS-FACHADA-PEATONAL.webp\" alt=\"Imagen del proyecto\">\r\n          <\/a>\r\n      <\/div>\r\n      <div class=\"item item5\">\r\n          <a href=\"https:\/\/chromastudio.co\/sole\/wp-content\/uploads\/2025\/07\/CPT-LNV-AEREA.webp\" data-lightbox=\"appi_car_cont\">\r\n           <img decoding=\"async\" src=\"https:\/\/chromastudio.co\/sole\/wp-content\/uploads\/2025\/07\/CPT-LNV-AEREA.webp\" alt=\"Imagen del proyecto\">\r\n          <\/a>\r\n      <\/div>\r\n<\/div>\n\t\t\t\t\t\t<\/div>\n\t\t\t\t<\/div>\n\t\t\t\t<div class=\"elementor-element elementor-element-e2a5810 elementor-widget elementor-widget-html\" data-id=\"e2a5810\" data-element_type=\"widget\" data-widget_type=\"html.default\">\n\t\t\t\t<div class=\"elementor-widget-container\">\n\t\t\t\t\t<div class=\"botonera-slide\">\r\n<button id=\"retroceder\" class=\"botones\"><img decoding=\"async\" src=\"https:\/\/chromastudio.co\/sole\/wp-content\/uploads\/2022\/03\/flecha-sole-2.svg\"  ><\/button>\r\n<button id=\"avanzar\" class=\"botones\"><img decoding=\"async\" src=\"https:\/\/chromastudio.co\/sole\/wp-content\/uploads\/2022\/03\/flec-der.svg\" ><\/button>\r\n<\/div>\t\t\t\t<\/div>\n\t\t\t\t<\/div>\n\t\t\t\t\t<\/div>\n\t\t<\/div>\n\t\t\t\t\t<\/div>\n\t\t<\/section>\n\t\t\t\t<\/div>\n\t\t","protected":false},"excerpt":{"rendered":"<p>Arquitectura \u00a1Tu vida y tu futuro respiran el mismo aire! Desde su estructura, dise\u00f1o y est\u00e9tica Sol\u00e9 crea la conexi\u00f3n ideal entre el valor de lo natural con la vida de la ciudad. Representa un lugar d\u00f3nde el espacio de vivienda se mimetiza con el espacio p\u00fablico y con sus zonas sociales; creando una simbiosis [&hellip;]<\/p>\n","protected":false},"author":1,"featured_media":0,"parent":0,"menu_order":0,"comment_status":"closed","ping_status":"closed","template":"","meta":{"inline_featured_image":false,"footnotes":""},"class_list":["post-7","page","type-page","status-publish","hentry"],"_links":{"self":[{"href":"https:\/\/chromastudio.co\/sole\/wp-json\/wp\/v2\/pages\/7","targetHints":{"allow":["GET"]}}],"collection":[{"href":"https:\/\/chromastudio.co\/sole\/wp-json\/wp\/v2\/pages"}],"about":[{"href":"https:\/\/chromastudio.co\/sole\/wp-json\/wp\/v2\/types\/page"}],"author":[{"embeddable":true,"href":"https:\/\/chromastudio.co\/sole\/wp-json\/wp\/v2\/users\/1"}],"replies":[{"embeddable":true,"href":"https:\/\/chromastudio.co\/sole\/wp-json\/wp\/v2\/comments?post=7"}],"version-history":[{"count":67,"href":"https:\/\/chromastudio.co\/sole\/wp-json\/wp\/v2\/pages\/7\/revisions"}],"predecessor-version":[{"id":427,"href":"https:\/\/chromastudio.co\/sole\/wp-json\/wp\/v2\/pages\/7\/revisions\/427"}],"wp:attachment":[{"href":"https:\/\/chromastudio.co\/sole\/wp-json\/wp\/v2\/media?parent=7"}],"curies":[{"name":"wp","href":"https:\/\/api.w.org\/{rel}","templated":true}]}}