{"id":63,"date":"2022-03-15T11:09:19","date_gmt":"2022-03-15T16:09:19","guid":{"rendered":"https:\/\/chromastudio.co\/sole\/?page_id=63"},"modified":"2024-06-14T04:53:19","modified_gmt":"2024-06-14T09:53:19","slug":"zonas-comunes","status":"publish","type":"page","link":"https:\/\/chromastudio.co\/sole\/zonas-comunes\/","title":{"rendered":"Zonas comunes"},"content":{"rendered":"\t\t<div data-elementor-type=\"wp-page\" data-elementor-id=\"63\" class=\"elementor elementor-63\">\n\t\t\t\t\t\t<section class=\"elementor-section elementor-top-section elementor-element elementor-element-a51042b elementor-section-full_width elementor-section-height-full elementor-section-items-stretch elementor-section-height-default\" data-id=\"a51042b\" data-element_type=\"section\">\n\t\t\t\t\t\t<div class=\"elementor-container elementor-column-gap-default\">\n\t\t\t\t\t<div class=\"elementor-column elementor-col-50 elementor-top-column elementor-element elementor-element-55e0212 col-1\" data-id=\"55e0212\" data-element_type=\"column\" data-settings=\"{&quot;background_background&quot;:&quot;classic&quot;}\">\n\t\t\t<div class=\"elementor-widget-wrap elementor-element-populated\">\n\t\t\t\t\t\t<div class=\"elementor-element elementor-element-6f2564db elementor-view-default elementor-widget elementor-widget-icon\" data-id=\"6f2564db\" data-element_type=\"widget\" id=\"btn-tog-info\" data-widget_type=\"icon.default\">\n\t\t\t\t<div class=\"elementor-widget-container\">\n\t\t\t\t\t\t\t<div class=\"elementor-icon-wrapper\">\n\t\t\t<a class=\"elementor-icon\" href=\"#\">\n\t\t\t<svg xmlns=\"http:\/\/www.w3.org\/2000\/svg\" viewBox=\"0 0 42 42\"><defs><style>.d{fill:none;stroke:#ebe0d0;}<\/style><\/defs><g id=\"a\"><\/g><g id=\"b\"><g id=\"c\"><g><circle class=\"d\" cx=\"21\" cy=\"21\" r=\"20.5\"><\/circle><g><line class=\"d\" x1=\"31.82\" y1=\"21\" x2=\"10.18\" y2=\"21\"><\/line><polyline class=\"d\" points=\"14.01 24.61 10.4 21 14.01 17.39\"><\/polyline><\/g><\/g><\/g><\/g><\/svg>\t\t\t<\/a>\n\t\t<\/div>\n\t\t\t\t\t\t<\/div>\n\t\t\t\t<\/div>\n\t\t\t\t<div class=\"elementor-element elementor-element-24b871a elementor-widget elementor-widget-heading\" data-id=\"24b871a\" data-element_type=\"widget\" data-widget_type=\"heading.default\">\n\t\t\t\t<div class=\"elementor-widget-container\">\n\t\t\t\t\t<h2 class=\"elementor-heading-title elementor-size-default\">Zonas sociales<\/h2>\t\t\t\t<\/div>\n\t\t\t\t<\/div>\n\t\t\t\t<div class=\"elementor-element elementor-element-5ae6989 elementor-widget elementor-widget-text-editor\" data-id=\"5ae6989\" data-element_type=\"widget\" data-widget_type=\"text-editor.default\">\n\t\t\t\t<div class=\"elementor-widget-container\">\n\t\t\t\t\t\t\t\t\t<strong>Nuestros espacios se construyen para darte \u00a1armon\u00eda de vida!<br><br><\/strong>\n\nCreamos el escenario ideal para que tus experiencias en comunidad perduren por\nsiempre. Podr\u00e1s disfrutar espacios para tu descanso, bienestar, diversi\u00f3n y\nproyecci\u00f3n, espacios para toda la familia.\n<br><br>\n\nLobby<br>\nSal\u00f3n social<br>\nSal\u00f3n de ni\u00f1os<br>\nSal\u00f3n de juegos<br>\nCoworking<br>\nParque con zonas verdes y plazoletas<br>\nParque infantil<br>\nBBQ<br>\nFire pit<br>\nTerraza verde<br>\nZona de picnic<br>\nPiscina ni\u00f1os<br>\nPiscina adultos<br>\nSauna<br>\nTurco<br>\nGimnasio<br>\t\t\t\t\t\t\t\t<\/div>\n\t\t\t\t<\/div>\n\t\t\t\t\t<\/div>\n\t\t<\/div>\n\t\t\t\t<div class=\"elementor-column elementor-col-50 elementor-top-column elementor-element elementor-element-a407339\" data-id=\"a407339\" data-element_type=\"column\">\n\t\t\t<div class=\"elementor-widget-wrap elementor-element-populated\">\n\t\t\t\t\t\t<div class=\"elementor-element elementor-element-22fe675 elementor-widget elementor-widget-ekit_wb_69\" data-id=\"22fe675\" data-element_type=\"widget\" data-widget_type=\"ekit_wb_69.default\">\n\t\t\t\t<div class=\"elementor-widget-container\">\n\t\t\t\t\t<div class=\"appicua-carrusel-cont\">\r\n      <div class=\"item item1\">\r\n          <a href=\"https:\/\/chromastudio.co\/sole\/wp-content\/uploads\/2024\/06\/CPT-LNV-PISCINA-Baja.jpg\" data-lightbox=\"appi_car_cont\">\r\n           <img decoding=\"async\" src=\"https:\/\/chromastudio.co\/sole\/wp-content\/uploads\/2024\/06\/CPT-LNV-PISCINA-Baja.jpg\" alt=\"Imagen del proyecto\">\r\n           <p class=\"appi_label\">Piscina<\/p>\r\n          <\/a>\r\n      <\/div>\r\n      <div class=\"item item2\">\r\n          <a href=\"https:\/\/chromastudio.co\/sole\/wp-content\/uploads\/2024\/06\/CPT-LNV-LOBBY-Baja.jpg\" data-lightbox=\"appi_car_cont\">\r\n           <img decoding=\"async\" src=\"https:\/\/chromastudio.co\/sole\/wp-content\/uploads\/2024\/06\/CPT-LNV-LOBBY-Baja.jpg\" alt=\"Imagen del proyecto\">\r\n           <p class=\"appi_label\">Lobby<\/p>\r\n          <\/a>\r\n      <\/div>\r\n      <div class=\"item item3\">\r\n          <a href=\"https:\/\/chromastudio.co\/sole\/wp-content\/uploads\/2024\/06\/CPT-LNV-SOCIAL-KITCHEN-Baja.jpg\" data-lightbox=\"appi_car_cont\">\r\n           <img decoding=\"async\" src=\"https:\/\/chromastudio.co\/sole\/wp-content\/uploads\/2024\/06\/CPT-LNV-SOCIAL-KITCHEN-Baja.jpg\" alt=\"Imagen del proyecto\">\r\n           <p class=\"appi_label\">Social Kitchen<\/p>\r\n          <\/a>\r\n      <\/div>\r\n      <div class=\"item item4\">\r\n          <a href=\"https:\/\/chromastudio.co\/sole\/wp-content\/uploads\/2022\/03\/CPT-LNV-Salon-Social.jpg\" data-lightbox=\"appi_car_cont\">\r\n           <img decoding=\"async\" src=\"https:\/\/chromastudio.co\/sole\/wp-content\/uploads\/2022\/03\/CPT-LNV-Salon-Social.jpg\" alt=\"Imagen del proyecto\">\r\n           <p class=\"appi_label\">Sal\u00f3n social<\/p>\r\n          <\/a>\r\n      <\/div>\r\n      <div class=\"item item5\">\r\n          <a href=\"https:\/\/chromastudio.co\/sole\/wp-content\/uploads\/2022\/03\/CPT-LNV-SALON-JUEGOS.jpg\" data-lightbox=\"appi_car_cont\">\r\n           <img decoding=\"async\" src=\"https:\/\/chromastudio.co\/sole\/wp-content\/uploads\/2022\/03\/CPT-LNV-SALON-JUEGOS.jpg\" alt=\"Imagen del proyecto\">\r\n           <p class=\"appi_label\">Sal\u00f3n de juegos<\/p>\r\n          <\/a>\r\n      <\/div>\r\n      <div class=\"item item6\">\r\n          <a href=\"https:\/\/chromastudio.co\/sole\/wp-content\/uploads\/2022\/03\/CPT-LNV-Terraza.jpg\" data-lightbox=\"appi_car_cont\">\r\n           <img decoding=\"async\" src=\"https:\/\/chromastudio.co\/sole\/wp-content\/uploads\/2022\/03\/CPT-LNV-Terraza.jpg\" alt=\"Imagen del proyecto\">\r\n           <p class=\"appi_label\">Terraza<\/p>\r\n          <\/a>\r\n      <\/div>\r\n<\/div>\n\t\t\t\t\t\t<\/div>\n\t\t\t\t<\/div>\n\t\t\t\t<div class=\"elementor-element elementor-element-8eb860c elementor-widget elementor-widget-html\" data-id=\"8eb860c\" data-element_type=\"widget\" data-widget_type=\"html.default\">\n\t\t\t\t<div class=\"elementor-widget-container\">\n\t\t\t\t\t<div class=\"botonera-slide\">\r\n<button id=\"retroceder\" class=\"botones\"><img decoding=\"async\" src=\"https:\/\/chromastudio.co\/sole\/wp-content\/uploads\/2022\/03\/flecha-sole-2.svg\"  ><\/button>\r\n<button id=\"avanzar\" class=\"botones\"><img decoding=\"async\" src=\"https:\/\/chromastudio.co\/sole\/wp-content\/uploads\/2022\/03\/flec-der.svg\" ><\/button>\r\n<\/div>\t\t\t\t<\/div>\n\t\t\t\t<\/div>\n\t\t\t\t\t<\/div>\n\t\t<\/div>\n\t\t\t\t\t<\/div>\n\t\t<\/section>\n\t\t\t\t<\/div>\n\t\t","protected":false},"excerpt":{"rendered":"<p>Zonas sociales Nuestros espacios se construyen para darte \u00a1armon\u00eda de vida! Creamos el escenario ideal para que tus experiencias en comunidad perduren por siempre. Podr\u00e1s disfrutar espacios para tu descanso, bienestar, diversi\u00f3n y proyecci\u00f3n, espacios para toda la familia. Lobby Sal\u00f3n social Sal\u00f3n de ni\u00f1os Sal\u00f3n de juegos Coworking Parque con zonas verdes y plazoletas [&hellip;]<\/p>\n","protected":false},"author":1,"featured_media":0,"parent":0,"menu_order":0,"comment_status":"closed","ping_status":"closed","template":"","meta":{"inline_featured_image":false,"footnotes":""},"class_list":["post-63","page","type-page","status-publish","hentry"],"_links":{"self":[{"href":"https:\/\/chromastudio.co\/sole\/wp-json\/wp\/v2\/pages\/63","targetHints":{"allow":["GET"]}}],"collection":[{"href":"https:\/\/chromastudio.co\/sole\/wp-json\/wp\/v2\/pages"}],"about":[{"href":"https:\/\/chromastudio.co\/sole\/wp-json\/wp\/v2\/types\/page"}],"author":[{"embeddable":true,"href":"https:\/\/chromastudio.co\/sole\/wp-json\/wp\/v2\/users\/1"}],"replies":[{"embeddable":true,"href":"https:\/\/chromastudio.co\/sole\/wp-json\/wp\/v2\/comments?post=63"}],"version-history":[{"count":61,"href":"https:\/\/chromastudio.co\/sole\/wp-json\/wp\/v2\/pages\/63\/revisions"}],"predecessor-version":[{"id":409,"href":"https:\/\/chromastudio.co\/sole\/wp-json\/wp\/v2\/pages\/63\/revisions\/409"}],"wp:attachment":[{"href":"https:\/\/chromastudio.co\/sole\/wp-json\/wp\/v2\/media?parent=63"}],"curies":[{"name":"wp","href":"https:\/\/api.w.org\/{rel}","templated":true}]}}