{"id":108,"date":"2022-03-23T14:43:15","date_gmt":"2022-03-23T19:43:15","guid":{"rendered":"https:\/\/chromastudio.co\/sole\/?page_id=108"},"modified":"2022-03-30T14:51:06","modified_gmt":"2022-03-30T19:51:06","slug":"ubicacion","status":"publish","type":"page","link":"https:\/\/chromastudio.co\/sole\/ubicacion\/","title":{"rendered":"Ubicacion"},"content":{"rendered":"\t\t<div data-elementor-type=\"wp-page\" data-elementor-id=\"108\" class=\"elementor elementor-108\">\n\t\t\t\t\t\t<section class=\"elementor-section elementor-top-section elementor-element elementor-element-87105df elementor-section-full_width elementor-section-height-full elementor-section-items-stretch elementor-section-height-default\" data-id=\"87105df\" data-element_type=\"section\" data-settings=\"{&quot;background_background&quot;:&quot;classic&quot;}\">\n\t\t\t\t\t\t\t<div class=\"elementor-background-overlay\"><\/div>\n\t\t\t\t\t\t\t<div class=\"elementor-container elementor-column-gap-default\">\n\t\t\t\t\t<div class=\"elementor-column elementor-col-50 elementor-top-column elementor-element elementor-element-8c81f0c col-1\" data-id=\"8c81f0c\" data-element_type=\"column\" data-settings=\"{&quot;background_background&quot;:&quot;classic&quot;}\">\n\t\t\t<div class=\"elementor-widget-wrap elementor-element-populated\">\n\t\t\t\t\t\t<div class=\"elementor-element elementor-element-3aeddd06 elementor-view-default elementor-widget elementor-widget-icon\" data-id=\"3aeddd06\" data-element_type=\"widget\" id=\"btn-tog-info\" data-widget_type=\"icon.default\">\n\t\t\t\t<div class=\"elementor-widget-container\">\n\t\t\t\t\t\t\t<div class=\"elementor-icon-wrapper\">\n\t\t\t<a class=\"elementor-icon\" href=\"#\">\n\t\t\t<svg xmlns=\"http:\/\/www.w3.org\/2000\/svg\" viewBox=\"0 0 42 42\"><defs><style>.d{fill:none;stroke:#ebe0d0;}<\/style><\/defs><g id=\"a\"><\/g><g id=\"b\"><g id=\"c\"><g><circle class=\"d\" cx=\"21\" cy=\"21\" r=\"20.5\"><\/circle><g><line class=\"d\" x1=\"31.82\" y1=\"21\" x2=\"10.18\" y2=\"21\"><\/line><polyline class=\"d\" points=\"14.01 24.61 10.4 21 14.01 17.39\"><\/polyline><\/g><\/g><\/g><\/g><\/svg>\t\t\t<\/a>\n\t\t<\/div>\n\t\t\t\t\t\t<\/div>\n\t\t\t\t<\/div>\n\t\t\t\t<div class=\"elementor-element elementor-element-e5186a0 elementor-widget elementor-widget-heading\" data-id=\"e5186a0\" data-element_type=\"widget\" data-widget_type=\"heading.default\">\n\t\t\t\t<div class=\"elementor-widget-container\">\n\t\t\t\t\t<h1 class=\"elementor-heading-title elementor-size-default\">Ubicaci\u00f3n<\/h1>\t\t\t\t<\/div>\n\t\t\t\t<\/div>\n\t\t\t\t<div class=\"elementor-element elementor-element-1ad78dd elementor-widget elementor-widget-text-editor\" data-id=\"1ad78dd\" data-element_type=\"widget\" data-widget_type=\"text-editor.default\">\n\t\t\t\t<div class=\"elementor-widget-container\">\n\t\t\t\t\t\t\t\t\t<p><strong>Somos parte del desarrollo urban\u00edstico que crear\u00e1 la Bogot\u00e1 del futuro<\/strong><\/p><p>Sol\u00e9 se encuentra ubicado en <strong>Lagos de Torca<\/strong>, un mega proyecto al norte de la capital. Se encuentra altamente conectado por v\u00edas principales, dispone de<br \/>importantes zonas de espacio p\u00fablico-social y a pocos minutos encontrar\u00e1s:<\/p><p>Comercio<br \/>Entretenimiento<br \/>Gastronom\u00eda<br \/>Entidades educativas<br \/>Transporte masivo<\/p><p><strong>Calle 201 Cra 45<\/strong><\/p>\t\t\t\t\t\t\t\t<\/div>\n\t\t\t\t<\/div>\n\t\t\t\t\t<\/div>\n\t\t<\/div>\n\t\t\t\t<div class=\"elementor-column elementor-col-50 elementor-top-column elementor-element elementor-element-d422a4b\" data-id=\"d422a4b\" data-element_type=\"column\">\n\t\t\t<div class=\"elementor-widget-wrap elementor-element-populated\">\n\t\t\t\t\t\t<div class=\"elementor-element elementor-element-54c4843 elementor-widget elementor-widget-image\" data-id=\"54c4843\" data-element_type=\"widget\" data-widget_type=\"image.default\">\n\t\t\t\t<div class=\"elementor-widget-container\">\n\t\t\t\t\t\t\t\t\t\t\t\t\t\t\t<img fetchpriority=\"high\" decoding=\"async\" width=\"2406\" height=\"1400\" src=\"https:\/\/chromastudio.co\/sole\/wp-content\/uploads\/2022\/03\/Ubicacion@2x-2.png\" class=\"attachment-full size-full wp-image-163\" alt=\"\" srcset=\"https:\/\/chromastudio.co\/sole\/wp-content\/uploads\/2022\/03\/Ubicacion@2x-2.png 2406w, https:\/\/chromastudio.co\/sole\/wp-content\/uploads\/2022\/03\/Ubicacion@2x-2-300x175.png 300w, https:\/\/chromastudio.co\/sole\/wp-content\/uploads\/2022\/03\/Ubicacion@2x-2-1024x596.png 1024w, https:\/\/chromastudio.co\/sole\/wp-content\/uploads\/2022\/03\/Ubicacion@2x-2-768x447.png 768w, https:\/\/chromastudio.co\/sole\/wp-content\/uploads\/2022\/03\/Ubicacion@2x-2-1536x894.png 1536w, https:\/\/chromastudio.co\/sole\/wp-content\/uploads\/2022\/03\/Ubicacion@2x-2-2048x1192.png 2048w\" sizes=\"(max-width: 2406px) 100vw, 2406px\" \/>\t\t\t\t\t\t\t\t\t\t\t\t\t\t\t<\/div>\n\t\t\t\t<\/div>\n\t\t\t\t\t<\/div>\n\t\t<\/div>\n\t\t\t\t\t<\/div>\n\t\t<\/section>\n\t\t\t\t<\/div>\n\t\t","protected":false},"excerpt":{"rendered":"<p>Ubicaci\u00f3n Somos parte del desarrollo urban\u00edstico que crear\u00e1 la Bogot\u00e1 del futuro Sol\u00e9 se encuentra ubicado en Lagos de Torca, un mega proyecto al norte de la capital. Se encuentra altamente conectado por v\u00edas principales, dispone deimportantes zonas de espacio p\u00fablico-social y a pocos minutos encontrar\u00e1s: ComercioEntretenimientoGastronom\u00edaEntidades educativasTransporte masivo Calle 201 Cra 45<\/p>\n","protected":false},"author":1,"featured_media":0,"parent":0,"menu_order":0,"comment_status":"closed","ping_status":"closed","template":"","meta":{"inline_featured_image":false,"footnotes":""},"class_list":["post-108","page","type-page","status-publish","hentry"],"_links":{"self":[{"href":"https:\/\/chromastudio.co\/sole\/wp-json\/wp\/v2\/pages\/108","targetHints":{"allow":["GET"]}}],"collection":[{"href":"https:\/\/chromastudio.co\/sole\/wp-json\/wp\/v2\/pages"}],"about":[{"href":"https:\/\/chromastudio.co\/sole\/wp-json\/wp\/v2\/types\/page"}],"author":[{"embeddable":true,"href":"https:\/\/chromastudio.co\/sole\/wp-json\/wp\/v2\/users\/1"}],"replies":[{"embeddable":true,"href":"https:\/\/chromastudio.co\/sole\/wp-json\/wp\/v2\/comments?post=108"}],"version-history":[{"count":52,"href":"https:\/\/chromastudio.co\/sole\/wp-json\/wp\/v2\/pages\/108\/revisions"}],"predecessor-version":[{"id":279,"href":"https:\/\/chromastudio.co\/sole\/wp-json\/wp\/v2\/pages\/108\/revisions\/279"}],"wp:attachment":[{"href":"https:\/\/chromastudio.co\/sole\/wp-json\/wp\/v2\/media?parent=108"}],"curies":[{"name":"wp","href":"https:\/\/api.w.org\/{rel}","templated":true}]}}